{"id":2609,"date":"2024-03-21T11:58:15","date_gmt":"2024-03-21T11:58:15","guid":{"rendered":"https:\/\/www.sciencesforlife.org\/?page_id=2609"},"modified":"2024-05-10T10:23:48","modified_gmt":"2024-05-10T10:23:48","slug":"bolsa-de-empleo","status":"publish","type":"page","link":"http:\/\/www.sciencesforlife.org\/index.php\/bolsa-de-empleo\/","title":{"rendered":"OFERTAS"},"content":{"rendered":"\t\t<div data-elementor-type=\"wp-page\" data-elementor-id=\"2609\" class=\"elementor elementor-2609\">\n\t\t\t\t\t\t<section class=\"elementor-section elementor-top-section elementor-element elementor-element-7f3bf0c elementor-section-content-middle elementor-section-height-min-height elementor-section-items-stretch elementor-section-boxed elementor-section-height-default\" data-id=\"7f3bf0c\" data-element_type=\"section\">\n\t\t\t\t\t\t<div class=\"elementor-container elementor-column-gap-no\">\n\t\t\t\t\t<div class=\"elementor-column elementor-col-50 elementor-top-column elementor-element elementor-element-7b12ce43\" data-id=\"7b12ce43\" data-element_type=\"column\">\n\t\t\t<div class=\"elementor-widget-wrap elementor-element-populated\">\n\t\t\t\t\t\t<div class=\"elementor-element elementor-element-4ecc2c97 elementor-invisible elementor-widget elementor-widget-heading\" data-id=\"4ecc2c97\" data-element_type=\"widget\" data-settings=\"{&quot;_animation&quot;:&quot;fadeIn&quot;}\" data-widget_type=\"heading.default\">\n\t\t\t\t<div class=\"elementor-widget-container\">\n\t\t\t<style>\/*! elementor - v3.21.0 - 18-04-2024 *\/\n.elementor-heading-title{padding:0;margin:0;line-height:1}.elementor-widget-heading .elementor-heading-title[class*=elementor-size-]>a{color:inherit;font-size:inherit;line-height:inherit}.elementor-widget-heading .elementor-heading-title.elementor-size-small{font-size:15px}.elementor-widget-heading .elementor-heading-title.elementor-size-medium{font-size:19px}.elementor-widget-heading .elementor-heading-title.elementor-size-large{font-size:29px}.elementor-widget-heading .elementor-heading-title.elementor-size-xl{font-size:39px}.elementor-widget-heading .elementor-heading-title.elementor-size-xxl{font-size:59px}<\/style><h2 class=\"elementor-heading-title elementor-size-default\">Ofertas de empleo<\/h2>\t\t<\/div>\n\t\t\t\t<\/div>\n\t\t\t\t<div class=\"elementor-element elementor-element-2d09150c elementor-widget elementor-widget-text-editor\" data-id=\"2d09150c\" data-element_type=\"widget\" data-widget_type=\"text-editor.default\">\n\t\t\t\t<div class=\"elementor-widget-container\">\n\t\t\t<style>\/*! elementor - v3.21.0 - 18-04-2024 *\/\n.elementor-widget-text-editor.elementor-drop-cap-view-stacked .elementor-drop-cap{background-color:#69727d;color:#fff}.elementor-widget-text-editor.elementor-drop-cap-view-framed .elementor-drop-cap{color:#69727d;border:3px solid;background-color:transparent}.elementor-widget-text-editor:not(.elementor-drop-cap-view-default) .elementor-drop-cap{margin-top:8px}.elementor-widget-text-editor:not(.elementor-drop-cap-view-default) .elementor-drop-cap-letter{width:1em;height:1em}.elementor-widget-text-editor .elementor-drop-cap{float:left;text-align:center;line-height:1;font-size:50px}.elementor-widget-text-editor .elementor-drop-cap-letter{display:inline-block}<\/style>\t\t\t\t<p>Echa un vistazo a las ofertas actualmente disponibles.<\/p>\t\t\t\t\t\t<\/div>\n\t\t\t\t<\/div>\n\t\t\t\t\t<\/div>\n\t\t<\/div>\n\t\t\t\t<div class=\"elementor-column elementor-col-50 elementor-top-column elementor-element elementor-element-4a3e7bd3\" data-id=\"4a3e7bd3\" data-element_type=\"column\" data-settings=\"{&quot;background_background&quot;:&quot;gradient&quot;}\">\n\t\t\t<div class=\"elementor-widget-wrap elementor-element-populated\">\n\t\t\t\t\t\t<div class=\"elementor-element elementor-element-c01a707 elementor-widget elementor-widget-image\" data-id=\"c01a707\" data-element_type=\"widget\" data-widget_type=\"image.default\">\n\t\t\t\t<div class=\"elementor-widget-container\">\n\t\t\t<style>\/*! elementor - v3.21.0 - 18-04-2024 *\/\n.elementor-widget-image{text-align:center}.elementor-widget-image a{display:inline-block}.elementor-widget-image a img[src$=\".svg\"]{width:48px}.elementor-widget-image img{vertical-align:middle;display:inline-block}<\/style>\t\t\t\t\t\t\t\t\t\t<img fetchpriority=\"high\" decoding=\"async\" width=\"1024\" height=\"684\" src=\"http:\/\/www.sciencesforlife.org\/wp-content\/uploads\/2024\/03\/person-holding-laboratory-flask-2280571-1024x684.jpg\" class=\"attachment-large size-large wp-image-2612\" alt=\"Person Holding Laboratory Flask\" \/>\t\t\t\t\t\t\t\t\t\t\t\t\t<\/div>\n\t\t\t\t<\/div>\n\t\t\t\t\t<\/div>\n\t\t<\/div>\n\t\t\t\t\t<\/div>\n\t\t<\/section>\n\t\t\t\t<section class=\"elementor-section elementor-top-section elementor-element elementor-element-eae067e elementor-section-boxed elementor-section-height-default elementor-section-height-default\" data-id=\"eae067e\" data-element_type=\"section\">\n\t\t\t\t\t\t<div class=\"elementor-container elementor-column-gap-default\">\n\t\t\t\t\t<div class=\"elementor-column elementor-col-100 elementor-top-column elementor-element elementor-element-92f9bb2\" data-id=\"92f9bb2\" data-element_type=\"column\">\n\t\t\t<div class=\"elementor-widget-wrap\">\n\t\t\t\t\t\t\t<\/div>\n\t\t<\/div>\n\t\t\t\t\t<\/div>\n\t\t<\/section>\n\t\t\t\t<section class=\"elementor-section elementor-top-section elementor-element elementor-element-e56baaa elementor-section-boxed elementor-section-height-default elementor-section-height-default\" data-id=\"e56baaa\" data-element_type=\"section\">\n\t\t\t\t\t\t<div class=\"elementor-container elementor-column-gap-default\">\n\t\t\t\t\t<div class=\"elementor-column elementor-col-100 elementor-top-column elementor-element elementor-element-129815b\" data-id=\"129815b\" data-element_type=\"column\">\n\t\t\t<div class=\"elementor-widget-wrap elementor-element-populated\">\n\t\t\t\t\t\t<div class=\"elementor-element elementor-element-6654691 elementor-widget elementor-widget-shortcode\" data-id=\"6654691\" data-element_type=\"widget\" data-widget_type=\"shortcode.default\">\n\t\t\t\t<div class=\"elementor-widget-container\">\n\t\t\t\t\t<div class=\"elementor-shortcode\"><div class=\"job_listings\" data-location=\"\" data-keywords=\"\" data-show_filters=\"true\" data-show_pagination=\"false\" data-per_page=\"10\" data-orderby=\"featured\" data-order=\"DESC\" data-categories=\"\" data-disable-form-state-storage=\"\" data-featured_first=\"false\" data-post_id=\"2609\" >\n<form class=\"job_filters\">\n\t\n\t<div class=\"search_jobs\">\n\t\t\n\t\t<div class=\"search_keywords\">\n\t\t\t<label for=\"search_keywords\">Palabras clave<\/label>\n\t\t\t<input type=\"text\" name=\"search_keywords\" id=\"search_keywords\" placeholder=\"Palabras clave\" value=\"\" \/>\n\t\t<\/div>\n\n\t\t<div class=\"search_location\">\n\t\t\t<label for=\"search_location\">Ubicaci\u00f3n<\/label>\n\t\t\t<input type=\"text\" name=\"search_location\" id=\"search_location\" placeholder=\"Ubicaci\u00f3n\" value=\"\" \/>\n\t\t<\/div>\n\n\t\t\t\t\t<div class=\"search_remote_position\">\n\t\t\t\t<input type=\"checkbox\" class=\"input-checkbox\" name=\"remote_position\" id=\"remote_position\" placeholder=\"Ubicaci\u00f3n\" value=\"1\"  \/>\n\t\t\t\t<label for=\"remote_position\" id=\"remote_position_label\">Solo puestos en remoto<\/label>\n\t\t\t<\/div>\n\t\t\n\t\t<div style=\"clear: both\"><\/div>\n\n\t\t\n\t\t\t\t\t<div class=\"search_submit\">\n\t\t\t\t<input type=\"submit\" value=\"Buscar trabajos\">\n\t\t\t<\/div>\n\t\t\n\t\t\t<\/div>\n\n\t\t<ul class=\"job_types\">\n\t\t\t\t\t<li><label for=\"job_type_freelance\" class=\"freelance\"><input type=\"checkbox\" name=\"filter_job_type[]\" value=\"freelance\"  checked='checked' id=\"job_type_freelance\" \/> Freelance<\/label><\/li>\n\t\t\t\t\t<li><label for=\"job_type_jornada-completa\" class=\"jornada-completa\"><input type=\"checkbox\" name=\"filter_job_type[]\" value=\"jornada-completa\"  checked='checked' id=\"job_type_jornada-completa\" \/> Jornada completa<\/label><\/li>\n\t\t\t\t\t<li><label for=\"job_type_jornada-parcial\" class=\"jornada-parcial\"><input type=\"checkbox\" name=\"filter_job_type[]\" value=\"jornada-parcial\"  checked='checked' id=\"job_type_jornada-parcial\" \/> Jornada parcial<\/label><\/li>\n\t\t\t\t\t<li><label for=\"job_type_practicas\" class=\"practicas\"><input type=\"checkbox\" name=\"filter_job_type[]\" value=\"practicas\"  checked='checked' id=\"job_type_practicas\" \/> Pr\u00e1cticas<\/label><\/li>\n\t\t\t\t\t<li><label for=\"job_type_temporal\" class=\"temporal\"><input type=\"checkbox\" name=\"filter_job_type[]\" value=\"temporal\"  checked='checked' id=\"job_type_temporal\" \/> Temporal<\/label><\/li>\n\t\t\t<\/ul>\n\t<input type=\"hidden\" name=\"filter_job_type[]\" value=\"\" \/>\n<div class=\"showing_jobs\"><\/div><\/form>\n\n\n<noscript>Tu navegador no es compatible con JavaScript o est\u00e1 desactivado. JavaScript debe estar activado para poder ver las ofertas.<\/noscript>\n<ul class=\"job_listings\">\n<\/ul>\n<a class=\"load_more_jobs\" href=\"#\" style=\"display:none;\"><strong>Cargar m\u00e1s ofertas<\/strong><\/a><\/div><\/div>\n\t\t\t\t<\/div>\n\t\t\t\t<\/div>\n\t\t\t\t\t<\/div>\n\t\t<\/div>\n\t\t\t\t\t<\/div>\n\t\t<\/section>\n\t\t\t\t<\/div>\n\t\t","protected":false},"excerpt":{"rendered":"<p>Ofertas de empleo Echa un vistazo a las ofertas actualmente disponibles.<\/p>\n","protected":false},"author":1,"featured_media":0,"parent":0,"menu_order":0,"comment_status":"closed","ping_status":"closed","template":"elementor_header_footer","meta":{"_monsterinsights_skip_tracking":false,"_monsterinsights_sitenote_active":false,"_monsterinsights_sitenote_note":"","_monsterinsights_sitenote_category":0,"_kadence_starter_templates_imported_post":false,"_kad_post_transparent":"","_kad_post_title":"","_kad_post_layout":"","_kad_post_sidebar_id":"","_kad_post_content_style":"","_kad_post_vertical_padding":"","_kad_post_feature":"","_kad_post_feature_position":"","_kad_post_header":false,"_kad_post_footer":false,"footnotes":""},"class_list":["post-2609","page","type-page","status-publish","hentry"],"yoast_head":"<!-- This site is optimized with the Yoast SEO plugin v22.2 - https:\/\/yoast.com\/wordpress\/plugins\/seo\/ -->\n<title>OFERTAS - SciencesForLife<\/title>\n<meta name=\"description\" content=\"\u00bfEst\u00e1s buscando trabajo? Aqu\u00ed tienes las \u00faltimas ofertas de empleo que hay en el sector Health Care de la Comunidad Valenciana.\" \/>\n<meta name=\"robots\" content=\"index, follow, max-snippet:-1, max-image-preview:large, max-video-preview:-1\" \/>\n<link rel=\"canonical\" href=\"https:\/\/www.sciencesforlife.org\/index.php\/bolsa-de-empleo\/\" \/>\n<meta property=\"og:locale\" content=\"es_ES\" \/>\n<meta property=\"og:type\" content=\"article\" \/>\n<meta property=\"og:title\" content=\"OFERTAS - SciencesForLife\" \/>\n<meta property=\"og:description\" content=\"\u00bfEst\u00e1s buscando trabajo? Aqu\u00ed tienes las \u00faltimas ofertas de empleo que hay en el sector Health Care de la Comunidad Valenciana.\" \/>\n<meta property=\"og:url\" content=\"https:\/\/www.sciencesforlife.org\/index.php\/bolsa-de-empleo\/\" \/>\n<meta property=\"og:site_name\" content=\"SciencesForLife\" \/>\n<meta property=\"article:modified_time\" content=\"2024-05-10T10:23:48+00:00\" \/>\n<meta property=\"og:image\" content=\"http:\/\/www.sciencesforlife.org\/wp-content\/uploads\/2024\/03\/person-holding-laboratory-flask-2280571-1024x684.jpg\" \/>\n<meta name=\"twitter:card\" content=\"summary_large_image\" \/>\n<meta name=\"twitter:label1\" content=\"Tiempo de lectura\" \/>\n\t<meta name=\"twitter:data1\" content=\"1 minuto\" \/>\n<script type=\"application\/ld+json\" class=\"yoast-schema-graph\">{\"@context\":\"https:\/\/schema.org\",\"@graph\":[{\"@type\":\"WebPage\",\"@id\":\"https:\/\/www.sciencesforlife.org\/index.php\/bolsa-de-empleo\/\",\"url\":\"https:\/\/www.sciencesforlife.org\/index.php\/bolsa-de-empleo\/\",\"name\":\"OFERTAS - SciencesForLife\",\"isPartOf\":{\"@id\":\"https:\/\/www.sciencesforlife.org\/#website\"},\"primaryImageOfPage\":{\"@id\":\"https:\/\/www.sciencesforlife.org\/index.php\/bolsa-de-empleo\/#primaryimage\"},\"image\":{\"@id\":\"https:\/\/www.sciencesforlife.org\/index.php\/bolsa-de-empleo\/#primaryimage\"},\"thumbnailUrl\":\"http:\/\/www.sciencesforlife.org\/wp-content\/uploads\/2024\/03\/person-holding-laboratory-flask-2280571-1024x684.jpg\",\"datePublished\":\"2024-03-21T11:58:15+00:00\",\"dateModified\":\"2024-05-10T10:23:48+00:00\",\"description\":\"\u00bfEst\u00e1s buscando trabajo? Aqu\u00ed tienes las \u00faltimas ofertas de empleo que hay en el sector Health Care de la Comunidad Valenciana.\",\"breadcrumb\":{\"@id\":\"https:\/\/www.sciencesforlife.org\/index.php\/bolsa-de-empleo\/#breadcrumb\"},\"inLanguage\":\"es\",\"potentialAction\":[{\"@type\":\"ReadAction\",\"target\":[\"https:\/\/www.sciencesforlife.org\/index.php\/bolsa-de-empleo\/\"]}]},{\"@type\":\"ImageObject\",\"inLanguage\":\"es\",\"@id\":\"https:\/\/www.sciencesforlife.org\/index.php\/bolsa-de-empleo\/#primaryimage\",\"url\":\"http:\/\/www.sciencesforlife.org\/wp-content\/uploads\/2024\/03\/person-holding-laboratory-flask-2280571-1024x684.jpg\",\"contentUrl\":\"http:\/\/www.sciencesforlife.org\/wp-content\/uploads\/2024\/03\/person-holding-laboratory-flask-2280571-1024x684.jpg\"},{\"@type\":\"BreadcrumbList\",\"@id\":\"https:\/\/www.sciencesforlife.org\/index.php\/bolsa-de-empleo\/#breadcrumb\",\"itemListElement\":[{\"@type\":\"ListItem\",\"position\":1,\"name\":\"Portada\",\"item\":\"https:\/\/www.sciencesforlife.org\/\"},{\"@type\":\"ListItem\",\"position\":2,\"name\":\"OFERTAS\"}]},{\"@type\":\"WebSite\",\"@id\":\"https:\/\/www.sciencesforlife.org\/#website\",\"url\":\"https:\/\/www.sciencesforlife.org\/\",\"name\":\"S4L\",\"description\":\"S&oacute;lo otro sitio de WordPress\",\"publisher\":{\"@id\":\"https:\/\/www.sciencesforlife.org\/#organization\"},\"potentialAction\":[{\"@type\":\"SearchAction\",\"target\":{\"@type\":\"EntryPoint\",\"urlTemplate\":\"https:\/\/www.sciencesforlife.org\/?s={search_term_string}\"},\"query-input\":\"required name=search_term_string\"}],\"inLanguage\":\"es\"},{\"@type\":\"Organization\",\"@id\":\"https:\/\/www.sciencesforlife.org\/#organization\",\"name\":\"SFL\",\"url\":\"https:\/\/www.sciencesforlife.org\/\",\"logo\":{\"@type\":\"ImageObject\",\"inLanguage\":\"es\",\"@id\":\"https:\/\/www.sciencesforlife.org\/#\/schema\/logo\/image\/\",\"url\":\"http:\/\/www.sciencesforlife.org\/wp-content\/uploads\/2022\/06\/sfl-fb-2.jpg\",\"contentUrl\":\"http:\/\/www.sciencesforlife.org\/wp-content\/uploads\/2022\/06\/sfl-fb-2.jpg\",\"width\":1131,\"height\":555,\"caption\":\"SFL\"},\"image\":{\"@id\":\"https:\/\/www.sciencesforlife.org\/#\/schema\/logo\/image\/\"}}]}<\/script>\n<!-- \/ Yoast SEO plugin. -->","yoast_head_json":{"title":"OFERTAS - SciencesForLife","description":"\u00bfEst\u00e1s buscando trabajo? Aqu\u00ed tienes las \u00faltimas ofertas de empleo que hay en el sector Health Care de la Comunidad Valenciana.","robots":{"index":"index","follow":"follow","max-snippet":"max-snippet:-1","max-image-preview":"max-image-preview:large","max-video-preview":"max-video-preview:-1"},"canonical":"https:\/\/www.sciencesforlife.org\/index.php\/bolsa-de-empleo\/","og_locale":"es_ES","og_type":"article","og_title":"OFERTAS - SciencesForLife","og_description":"\u00bfEst\u00e1s buscando trabajo? Aqu\u00ed tienes las \u00faltimas ofertas de empleo que hay en el sector Health Care de la Comunidad Valenciana.","og_url":"https:\/\/www.sciencesforlife.org\/index.php\/bolsa-de-empleo\/","og_site_name":"SciencesForLife","article_modified_time":"2024-05-10T10:23:48+00:00","og_image":[{"url":"http:\/\/www.sciencesforlife.org\/wp-content\/uploads\/2024\/03\/person-holding-laboratory-flask-2280571-1024x684.jpg"}],"twitter_card":"summary_large_image","twitter_misc":{"Tiempo de lectura":"1 minuto"},"schema":{"@context":"https:\/\/schema.org","@graph":[{"@type":"WebPage","@id":"https:\/\/www.sciencesforlife.org\/index.php\/bolsa-de-empleo\/","url":"https:\/\/www.sciencesforlife.org\/index.php\/bolsa-de-empleo\/","name":"OFERTAS - SciencesForLife","isPartOf":{"@id":"https:\/\/www.sciencesforlife.org\/#website"},"primaryImageOfPage":{"@id":"https:\/\/www.sciencesforlife.org\/index.php\/bolsa-de-empleo\/#primaryimage"},"image":{"@id":"https:\/\/www.sciencesforlife.org\/index.php\/bolsa-de-empleo\/#primaryimage"},"thumbnailUrl":"http:\/\/www.sciencesforlife.org\/wp-content\/uploads\/2024\/03\/person-holding-laboratory-flask-2280571-1024x684.jpg","datePublished":"2024-03-21T11:58:15+00:00","dateModified":"2024-05-10T10:23:48+00:00","description":"\u00bfEst\u00e1s buscando trabajo? Aqu\u00ed tienes las \u00faltimas ofertas de empleo que hay en el sector Health Care de la Comunidad Valenciana.","breadcrumb":{"@id":"https:\/\/www.sciencesforlife.org\/index.php\/bolsa-de-empleo\/#breadcrumb"},"inLanguage":"es","potentialAction":[{"@type":"ReadAction","target":["https:\/\/www.sciencesforlife.org\/index.php\/bolsa-de-empleo\/"]}]},{"@type":"ImageObject","inLanguage":"es","@id":"https:\/\/www.sciencesforlife.org\/index.php\/bolsa-de-empleo\/#primaryimage","url":"http:\/\/www.sciencesforlife.org\/wp-content\/uploads\/2024\/03\/person-holding-laboratory-flask-2280571-1024x684.jpg","contentUrl":"http:\/\/www.sciencesforlife.org\/wp-content\/uploads\/2024\/03\/person-holding-laboratory-flask-2280571-1024x684.jpg"},{"@type":"BreadcrumbList","@id":"https:\/\/www.sciencesforlife.org\/index.php\/bolsa-de-empleo\/#breadcrumb","itemListElement":[{"@type":"ListItem","position":1,"name":"Portada","item":"https:\/\/www.sciencesforlife.org\/"},{"@type":"ListItem","position":2,"name":"OFERTAS"}]},{"@type":"WebSite","@id":"https:\/\/www.sciencesforlife.org\/#website","url":"https:\/\/www.sciencesforlife.org\/","name":"S4L","description":"S&oacute;lo otro sitio de WordPress","publisher":{"@id":"https:\/\/www.sciencesforlife.org\/#organization"},"potentialAction":[{"@type":"SearchAction","target":{"@type":"EntryPoint","urlTemplate":"https:\/\/www.sciencesforlife.org\/?s={search_term_string}"},"query-input":"required name=search_term_string"}],"inLanguage":"es"},{"@type":"Organization","@id":"https:\/\/www.sciencesforlife.org\/#organization","name":"SFL","url":"https:\/\/www.sciencesforlife.org\/","logo":{"@type":"ImageObject","inLanguage":"es","@id":"https:\/\/www.sciencesforlife.org\/#\/schema\/logo\/image\/","url":"http:\/\/www.sciencesforlife.org\/wp-content\/uploads\/2022\/06\/sfl-fb-2.jpg","contentUrl":"http:\/\/www.sciencesforlife.org\/wp-content\/uploads\/2022\/06\/sfl-fb-2.jpg","width":1131,"height":555,"caption":"SFL"},"image":{"@id":"https:\/\/www.sciencesforlife.org\/#\/schema\/logo\/image\/"}}]}},"_links":{"self":[{"href":"http:\/\/www.sciencesforlife.org\/index.php\/wp-json\/wp\/v2\/pages\/2609","targetHints":{"allow":["GET"]}}],"collection":[{"href":"http:\/\/www.sciencesforlife.org\/index.php\/wp-json\/wp\/v2\/pages"}],"about":[{"href":"http:\/\/www.sciencesforlife.org\/index.php\/wp-json\/wp\/v2\/types\/page"}],"author":[{"embeddable":true,"href":"http:\/\/www.sciencesforlife.org\/index.php\/wp-json\/wp\/v2\/users\/1"}],"replies":[{"embeddable":true,"href":"http:\/\/www.sciencesforlife.org\/index.php\/wp-json\/wp\/v2\/comments?post=2609"}],"version-history":[{"count":16,"href":"http:\/\/www.sciencesforlife.org\/index.php\/wp-json\/wp\/v2\/pages\/2609\/revisions"}],"predecessor-version":[{"id":2665,"href":"http:\/\/www.sciencesforlife.org\/index.php\/wp-json\/wp\/v2\/pages\/2609\/revisions\/2665"}],"wp:attachment":[{"href":"http:\/\/www.sciencesforlife.org\/index.php\/wp-json\/wp\/v2\/media?parent=2609"}],"curies":[{"name":"wp","href":"https:\/\/api.w.org\/{rel}","templated":true}]}}