{"id":2578,"date":"2024-03-21T11:59:20","date_gmt":"2024-03-21T11:59:20","guid":{"rendered":"https:\/\/www.sciencesforlife.org\/?page_id=2578"},"modified":"2024-05-10T10:14:14","modified_gmt":"2024-05-10T10:14:14","slug":"mision-y-valores","status":"publish","type":"page","link":"http:\/\/www.sciencesforlife.org\/index.php\/mision-y-valores\/","title":{"rendered":"MISI\u00d3N Y VALORES"},"content":{"rendered":"\t\t<div data-elementor-type=\"wp-page\" data-elementor-id=\"2578\" class=\"elementor elementor-2578\">\n\t\t\t\t\t\t<section class=\"elementor-section elementor-top-section elementor-element elementor-element-014b3a7 elementor-section-boxed elementor-section-height-default elementor-section-height-default\" data-id=\"014b3a7\" data-element_type=\"section\" data-settings=\"{&quot;background_background&quot;:&quot;classic&quot;,&quot;shape_divider_bottom&quot;:&quot;curve&quot;,&quot;shape_divider_bottom_negative&quot;:&quot;yes&quot;}\">\n\t\t\t\t\t<div class=\"elementor-shape elementor-shape-bottom\" data-negative=\"true\">\n\t\t\t<svg xmlns=\"http:\/\/www.w3.org\/2000\/svg\" viewBox=\"0 0 1000 100\" preserveAspectRatio=\"none\">\n\t<path class=\"elementor-shape-fill\" d=\"M500,97C126.7,96.3,0.8,19.8,0,0v100l1000,0V1C1000,19.4,873.3,97.8,500,97z\"\/>\n<\/svg>\t\t<\/div>\n\t\t\t\t\t<div class=\"elementor-container elementor-column-gap-default\">\n\t\t\t\t\t<div class=\"elementor-column elementor-col-100 elementor-top-column elementor-element elementor-element-a7ad3de\" data-id=\"a7ad3de\" data-element_type=\"column\">\n\t\t\t<div class=\"elementor-widget-wrap elementor-element-populated\">\n\t\t\t\t\t\t<div class=\"elementor-element elementor-element-e818adc elementor-widget elementor-widget-heading\" data-id=\"e818adc\" data-element_type=\"widget\" data-widget_type=\"heading.default\">\n\t\t\t\t<div class=\"elementor-widget-container\">\n\t\t\t<style>\/*! elementor - v3.21.0 - 18-04-2024 *\/\n.elementor-heading-title{padding:0;margin:0;line-height:1}.elementor-widget-heading .elementor-heading-title[class*=elementor-size-]>a{color:inherit;font-size:inherit;line-height:inherit}.elementor-widget-heading .elementor-heading-title.elementor-size-small{font-size:15px}.elementor-widget-heading .elementor-heading-title.elementor-size-medium{font-size:19px}.elementor-widget-heading .elementor-heading-title.elementor-size-large{font-size:29px}.elementor-widget-heading .elementor-heading-title.elementor-size-xl{font-size:39px}.elementor-widget-heading .elementor-heading-title.elementor-size-xxl{font-size:59px}<\/style><h1 class=\"elementor-heading-title elementor-size-default\">MISI\u00d3N Y VALORES<\/h1>\t\t<\/div>\n\t\t\t\t<\/div>\n\t\t\t\t\t<\/div>\n\t\t<\/div>\n\t\t\t\t\t<\/div>\n\t\t<\/section>\n\t\t<div class=\"elementor-element elementor-element-33c712d e-flex e-con-boxed e-con e-parent\" data-id=\"33c712d\" data-element_type=\"container\">\n\t\t\t\t\t<div class=\"e-con-inner\">\n\t\t\t\t<div class=\"elementor-element elementor-element-e227e53 elementor-widget elementor-widget-heading\" data-id=\"e227e53\" data-element_type=\"widget\" data-widget_type=\"heading.default\">\n\t\t\t\t<div class=\"elementor-widget-container\">\n\t\t\t<h2 class=\"elementor-heading-title elementor-size-default\">En SciencesForLife queremos que sepas qu\u00e9 es lo que nos mueve. \u00bfCu\u00e1l es nuestra misi\u00f3n, visi\u00f3n y valores?<\/h2>\t\t<\/div>\n\t\t\t\t<\/div>\n\t\t\t\t\t<\/div>\n\t\t\t\t<\/div>\n\t\t\t\t<section class=\"elementor-section elementor-top-section elementor-element elementor-element-d2ddcb9 elementor-section-boxed elementor-section-height-default elementor-section-height-default\" data-id=\"d2ddcb9\" data-element_type=\"section\">\n\t\t\t\t\t\t<div class=\"elementor-container elementor-column-gap-default\">\n\t\t\t\t\t<div class=\"elementor-column elementor-col-33 elementor-top-column elementor-element elementor-element-2e2693e\" data-id=\"2e2693e\" data-element_type=\"column\">\n\t\t\t<div class=\"elementor-widget-wrap elementor-element-populated\">\n\t\t\t\t\t\t<div class=\"elementor-element elementor-element-e91ea7f elementor-widget elementor-widget-heading\" data-id=\"e91ea7f\" data-element_type=\"widget\" data-widget_type=\"heading.default\">\n\t\t\t\t<div class=\"elementor-widget-container\">\n\t\t\t<h2 class=\"elementor-heading-title elementor-size-default\">MISI\u00d3N<\/h2>\t\t<\/div>\n\t\t\t\t<\/div>\n\t\t\t\t\t<\/div>\n\t\t<\/div>\n\t\t\t\t<div class=\"elementor-column elementor-col-33 elementor-top-column elementor-element elementor-element-023b628\" data-id=\"023b628\" data-element_type=\"column\">\n\t\t\t<div class=\"elementor-widget-wrap elementor-element-populated\">\n\t\t\t\t\t\t<div class=\"elementor-element elementor-element-30875ef elementor-widget elementor-widget-heading\" data-id=\"30875ef\" data-element_type=\"widget\" data-widget_type=\"heading.default\">\n\t\t\t\t<div class=\"elementor-widget-container\">\n\t\t\t<h2 class=\"elementor-heading-title elementor-size-default\">VISI\u00d3N<\/h2>\t\t<\/div>\n\t\t\t\t<\/div>\n\t\t\t\t\t<\/div>\n\t\t<\/div>\n\t\t\t\t<div class=\"elementor-column elementor-col-33 elementor-top-column elementor-element elementor-element-c61e0df\" data-id=\"c61e0df\" data-element_type=\"column\">\n\t\t\t<div class=\"elementor-widget-wrap elementor-element-populated\">\n\t\t\t\t\t\t<div class=\"elementor-element elementor-element-a689d26 elementor-widget elementor-widget-heading\" data-id=\"a689d26\" data-element_type=\"widget\" data-widget_type=\"heading.default\">\n\t\t\t\t<div class=\"elementor-widget-container\">\n\t\t\t<h2 class=\"elementor-heading-title elementor-size-default\">VALORES<\/h2>\t\t<\/div>\n\t\t\t\t<\/div>\n\t\t\t\t\t<\/div>\n\t\t<\/div>\n\t\t\t\t\t<\/div>\n\t\t<\/section>\n\t\t\t\t<section class=\"elementor-section elementor-top-section elementor-element elementor-element-5f11c40 elementor-section-boxed elementor-section-height-default elementor-section-height-default\" data-id=\"5f11c40\" data-element_type=\"section\">\n\t\t\t\t\t\t<div class=\"elementor-container elementor-column-gap-default\">\n\t\t\t\t\t<div class=\"elementor-column elementor-col-33 elementor-top-column elementor-element elementor-element-3dbee06\" data-id=\"3dbee06\" data-element_type=\"column\">\n\t\t\t<div class=\"elementor-widget-wrap elementor-element-populated\">\n\t\t\t\t\t\t<div class=\"elementor-element elementor-element-65f7c41 elementor-widget__width-initial elementor-widget elementor-widget-text-editor\" data-id=\"65f7c41\" data-element_type=\"widget\" data-widget_type=\"text-editor.default\">\n\t\t\t\t<div class=\"elementor-widget-container\">\n\t\t\t<style>\/*! elementor - v3.21.0 - 18-04-2024 *\/\n.elementor-widget-text-editor.elementor-drop-cap-view-stacked .elementor-drop-cap{background-color:#69727d;color:#fff}.elementor-widget-text-editor.elementor-drop-cap-view-framed .elementor-drop-cap{color:#69727d;border:3px solid;background-color:transparent}.elementor-widget-text-editor:not(.elementor-drop-cap-view-default) .elementor-drop-cap{margin-top:8px}.elementor-widget-text-editor:not(.elementor-drop-cap-view-default) .elementor-drop-cap-letter{width:1em;height:1em}.elementor-widget-text-editor .elementor-drop-cap{float:left;text-align:center;line-height:1;font-size:50px}.elementor-widget-text-editor .elementor-drop-cap-letter{display:inline-block}<\/style>\t\t\t\t<p>Poner en valor y contribuir al desarollo del sector human life sciences en la Comunidad Valenciana con la consecuente creaci\u00f3n y\/o potenciaci\u00f3n del tejido industrial y empresarial.<\/p>\t\t\t\t\t\t<\/div>\n\t\t\t\t<\/div>\n\t\t\t\t\t<\/div>\n\t\t<\/div>\n\t\t\t\t<div class=\"elementor-column elementor-col-33 elementor-top-column elementor-element elementor-element-a4621a7\" data-id=\"a4621a7\" data-element_type=\"column\">\n\t\t\t<div class=\"elementor-widget-wrap elementor-element-populated\">\n\t\t\t\t\t\t<div class=\"elementor-element elementor-element-ae845db elementor-widget elementor-widget-text-editor\" data-id=\"ae845db\" data-element_type=\"widget\" data-widget_type=\"text-editor.default\">\n\t\t\t\t<div class=\"elementor-widget-container\">\n\t\t\t\t\t\t\t<p><span style=\"color: #0000ff;\"><span style=\"color: #000000;\">\u201c<\/span><\/span><span style=\"color: #0000ff;\"><span style=\"color: #000000;\">Human Life Sciences_Think Tank\u201d tiene como visi\u00f3n, ser una comunidad y un lugar de encuentro, sin \u00e1nimo de lucro, para empresas y profesionales del sector que quieran colaborar en el fomento del sector Life Science en la Comunidad Valenciana.<\/span><\/span><\/p>\t\t\t\t\t\t<\/div>\n\t\t\t\t<\/div>\n\t\t\t\t\t<\/div>\n\t\t<\/div>\n\t\t\t\t<div class=\"elementor-column elementor-col-33 elementor-top-column elementor-element elementor-element-c11fa18\" data-id=\"c11fa18\" data-element_type=\"column\">\n\t\t\t<div class=\"elementor-widget-wrap elementor-element-populated\">\n\t\t\t\t\t\t<div class=\"elementor-element elementor-element-ce898d9 elementor-widget elementor-widget-text-editor\" data-id=\"ce898d9\" data-element_type=\"widget\" data-widget_type=\"text-editor.default\">\n\t\t\t\t<div class=\"elementor-widget-container\">\n\t\t\t\t\t\t\t<ul><li><span style=\"color: #0000ff;\"><span style=\"color: #000000;\">Transparencia<\/span><\/span><\/li><li><p><span style=\"color: #0000ff;\"><span style=\"color: #000000;\"> Independencia<\/span><\/span><\/p><\/li><li><p><span style=\"color: #0000ff;\"><span style=\"color: #000000;\">Objetividad y rigor<\/span><\/span><\/p><\/li><li><p><span style=\"color: #0000ff;\"><span style=\"color: #000000;\">Diversidad<\/span><\/span><\/p><\/li><li><p><span style=\"color: #0000ff;\"><span style=\"color: #000000;\">Responsabilidad social<\/span><\/span><\/p><\/li><li><p><span style=\"color: #0000ff;\"><span style=\"color: #000000;\">Colaboraci\u00f3n<\/span><\/span><\/p><\/li><li><p><span style=\"color: #0000ff;\"><span style=\"color: #000000;\">Comunicaci\u00f3n efectiva<\/span><\/span><\/p><\/li><\/ul>\t\t\t\t\t\t<\/div>\n\t\t\t\t<\/div>\n\t\t\t\t\t<\/div>\n\t\t<\/div>\n\t\t\t\t\t<\/div>\n\t\t<\/section>\n\t\t\t\t<section class=\"elementor-section elementor-top-section elementor-element elementor-element-a541483 elementor-section-boxed elementor-section-height-default elementor-section-height-default\" data-id=\"a541483\" data-element_type=\"section\">\n\t\t\t\t\t\t<div class=\"elementor-container elementor-column-gap-default\">\n\t\t\t\t\t<div class=\"elementor-column elementor-col-25 elementor-top-column elementor-element elementor-element-95f374b\" data-id=\"95f374b\" data-element_type=\"column\">\n\t\t\t<div class=\"elementor-widget-wrap elementor-element-populated\">\n\t\t\t\t\t\t<div class=\"elementor-element elementor-element-92330a1 elementor-widget elementor-widget-image\" data-id=\"92330a1\" data-element_type=\"widget\" data-widget_type=\"image.default\">\n\t\t\t\t<div class=\"elementor-widget-container\">\n\t\t\t<style>\/*! elementor - v3.21.0 - 18-04-2024 *\/\n.elementor-widget-image{text-align:center}.elementor-widget-image a{display:inline-block}.elementor-widget-image a img[src$=\".svg\"]{width:48px}.elementor-widget-image img{vertical-align:middle;display:inline-block}<\/style>\t\t\t\t\t\t\t\t\t\t<img fetchpriority=\"high\" decoding=\"async\" width=\"5184\" height=\"3456\" src=\"http:\/\/www.sciencesforlife.org\/wp-content\/uploads\/2022\/06\/pexels-pixabay-356040-1-1-scaled.jpg\" class=\"attachment-full size-full wp-image-1640\" alt=\"\" \/>\t\t\t\t\t\t\t\t\t\t\t\t\t<\/div>\n\t\t\t\t<\/div>\n\t\t\t\t\t<\/div>\n\t\t<\/div>\n\t\t\t\t<div class=\"elementor-column elementor-col-50 elementor-top-column elementor-element elementor-element-8b13c21\" data-id=\"8b13c21\" data-element_type=\"column\">\n\t\t\t<div class=\"elementor-widget-wrap elementor-element-populated\">\n\t\t\t\t\t\t<div class=\"elementor-element elementor-element-1c9d47e elementor-widget elementor-widget-image\" data-id=\"1c9d47e\" data-element_type=\"widget\" data-widget_type=\"image.default\">\n\t\t\t\t<div class=\"elementor-widget-container\">\n\t\t\t\t\t\t\t\t\t\t\t\t\t<img decoding=\"async\" width=\"616\" height=\"407\" src=\"http:\/\/www.sciencesforlife.org\/wp-content\/uploads\/2022\/06\/Captura-de-pantalla-2022-06-17-132602.png\" class=\"attachment-large size-large wp-image-1671\" alt=\"\" srcset=\"http:\/\/www.sciencesforlife.org\/wp-content\/uploads\/2022\/06\/Captura-de-pantalla-2022-06-17-132602.png 616w, http:\/\/www.sciencesforlife.org\/wp-content\/uploads\/2022\/06\/Captura-de-pantalla-2022-06-17-132602-300x198.png 300w\" sizes=\"(max-width: 616px) 100vw, 616px\" \/>\t\t\t\t\t\t\t\t\t\t\t\t\t<\/div>\n\t\t\t\t<\/div>\n\t\t\t\t\t<\/div>\n\t\t<\/div>\n\t\t\t\t<div class=\"elementor-column elementor-col-25 elementor-top-column elementor-element elementor-element-3d7ae2a\" data-id=\"3d7ae2a\" data-element_type=\"column\">\n\t\t\t<div class=\"elementor-widget-wrap elementor-element-populated\">\n\t\t\t\t\t\t<div class=\"elementor-element elementor-element-cec75b4 elementor-widget elementor-widget-image\" data-id=\"cec75b4\" data-element_type=\"widget\" data-widget_type=\"image.default\">\n\t\t\t\t<div class=\"elementor-widget-container\">\n\t\t\t\t\t\t\t\t\t\t\t\t\t<img decoding=\"async\" width=\"1024\" height=\"684\" src=\"http:\/\/www.sciencesforlife.org\/wp-content\/uploads\/2022\/06\/pexels-chokniti-khongchum-3938023-1024x684.jpg\" class=\"attachment-large size-large wp-image-1346\" alt=\"\" srcset=\"http:\/\/www.sciencesforlife.org\/wp-content\/uploads\/2022\/06\/pexels-chokniti-khongchum-3938023-1024x684.jpg 1024w, http:\/\/www.sciencesforlife.org\/wp-content\/uploads\/2022\/06\/pexels-chokniti-khongchum-3938023-300x200.jpg 300w, http:\/\/www.sciencesforlife.org\/wp-content\/uploads\/2022\/06\/pexels-chokniti-khongchum-3938023-768x513.jpg 768w, http:\/\/www.sciencesforlife.org\/wp-content\/uploads\/2022\/06\/pexels-chokniti-khongchum-3938023-1536x1025.jpg 1536w, http:\/\/www.sciencesforlife.org\/wp-content\/uploads\/2022\/06\/pexels-chokniti-khongchum-3938023-2048x1367.jpg 2048w\" sizes=\"(max-width: 1024px) 100vw, 1024px\" \/>\t\t\t\t\t\t\t\t\t\t\t\t\t<\/div>\n\t\t\t\t<\/div>\n\t\t\t\t\t<\/div>\n\t\t<\/div>\n\t\t\t\t\t<\/div>\n\t\t<\/section>\n\t\t<div class=\"elementor-element elementor-element-582dd61 e-flex e-con-boxed e-con e-parent\" data-id=\"582dd61\" data-element_type=\"container\">\n\t\t\t\t\t<div class=\"e-con-inner\">\n\t\t\t\t<div class=\"elementor-element elementor-element-9dc0416 elementor-button-info elementor-align-center elementor-widget elementor-widget-button\" data-id=\"9dc0416\" data-element_type=\"widget\" data-widget_type=\"button.default\">\n\t\t\t\t<div class=\"elementor-widget-container\">\n\t\t\t\t\t<div class=\"elementor-button-wrapper\">\n\t\t\t<a class=\"elementor-button elementor-button-link elementor-size-sm\" href=\"https:\/\/www.sciencesforlife.org\/index.php\/organizacion\/\">\n\t\t\t\t\t\t<span class=\"elementor-button-content-wrapper\">\n\t\t\t\t\t\t<span class=\"elementor-button-icon elementor-align-icon-right\">\n\t\t\t\t<i aria-hidden=\"true\" class=\"far fa-arrow-alt-circle-right\"><\/i>\t\t\t<\/span>\n\t\t\t\t\t\t\t\t\t<span class=\"elementor-button-text\">Nuestra organizaci\u00f3n   <\/span>\n\t\t\t\t\t<\/span>\n\t\t\t\t\t<\/a>\n\t\t<\/div>\n\t\t\t\t<\/div>\n\t\t\t\t<\/div>\n\t\t\t\t\t<\/div>\n\t\t\t\t<\/div>\n\t\t\t\t<\/div>\n\t\t","protected":false},"excerpt":{"rendered":"<p>MISI\u00d3N Y VALORES En SciencesForLife queremos que sepas qu\u00e9 es lo que nos mueve. \u00bfCu\u00e1l es nuestra misi\u00f3n, visi\u00f3n y valores? MISI\u00d3N VISI\u00d3N VALORES Poner en valor y contribuir al desarollo del sector human life sciences en la Comunidad Valenciana con la consecuente creaci\u00f3n y\/o potenciaci\u00f3n del tejido industrial y empresarial. \u201cHuman Life Sciences_Think Tank\u201d&#8230;<\/p>\n","protected":false},"author":1,"featured_media":0,"parent":0,"menu_order":0,"comment_status":"closed","ping_status":"closed","template":"","meta":{"_monsterinsights_skip_tracking":false,"_monsterinsights_sitenote_active":false,"_monsterinsights_sitenote_note":"","_monsterinsights_sitenote_category":0,"_kadence_starter_templates_imported_post":true,"_kad_post_transparent":"","_kad_post_title":"hide","_kad_post_layout":"fullwidth","_kad_post_sidebar_id":"","_kad_post_content_style":"unboxed","_kad_post_vertical_padding":"hide","_kad_post_feature":"hide","_kad_post_feature_position":"","_kad_post_header":false,"_kad_post_footer":false,"footnotes":""},"class_list":["post-2578","page","type-page","status-publish","hentry"],"yoast_head":"<!-- This site is optimized with the Yoast SEO plugin v22.2 - https:\/\/yoast.com\/wordpress\/plugins\/seo\/ -->\n<title>MISI\u00d3N Y VALORES - SciencesForLife<\/title>\n<meta name=\"description\" content=\"Sciences for Life es un Think Tank del sector health care dentro de la Comunidad Valenciana. Descubre m\u00e1s acerca de nuestra misi\u00f3n y valores.\" \/>\n<meta name=\"robots\" content=\"index, follow, max-snippet:-1, max-image-preview:large, max-video-preview:-1\" \/>\n<link rel=\"canonical\" href=\"http:\/\/www.sciencesforlife.org\/index.php\/mision-y-valores\/\" \/>\n<meta property=\"og:locale\" content=\"es_ES\" \/>\n<meta property=\"og:type\" content=\"article\" \/>\n<meta property=\"og:title\" content=\"MISI\u00d3N Y VALORES - SciencesForLife\" \/>\n<meta property=\"og:description\" content=\"Sciences for Life es un Think Tank del sector health care dentro de la Comunidad Valenciana. Descubre m\u00e1s acerca de nuestra misi\u00f3n y valores.\" \/>\n<meta property=\"og:url\" content=\"http:\/\/www.sciencesforlife.org\/index.php\/mision-y-valores\/\" \/>\n<meta property=\"og:site_name\" content=\"SciencesForLife\" \/>\n<meta property=\"article:modified_time\" content=\"2024-05-10T10:14:14+00:00\" \/>\n<meta property=\"og:image\" content=\"http:\/\/www.sciencesforlife.org\/wp-content\/uploads\/2022\/06\/pexels-pixabay-356040-1-1-scaled.jpg\" \/>\n<meta name=\"twitter:card\" content=\"summary_large_image\" \/>\n<meta name=\"twitter:label1\" content=\"Tiempo de lectura\" \/>\n\t<meta name=\"twitter:data1\" content=\"8 minutos\" \/>\n<script type=\"application\/ld+json\" class=\"yoast-schema-graph\">{\"@context\":\"https:\/\/schema.org\",\"@graph\":[{\"@type\":\"WebPage\",\"@id\":\"http:\/\/www.sciencesforlife.org\/index.php\/mision-y-valores\/\",\"url\":\"http:\/\/www.sciencesforlife.org\/index.php\/mision-y-valores\/\",\"name\":\"MISI\u00d3N Y VALORES - SciencesForLife\",\"isPartOf\":{\"@id\":\"https:\/\/www.sciencesforlife.org\/#website\"},\"primaryImageOfPage\":{\"@id\":\"http:\/\/www.sciencesforlife.org\/index.php\/mision-y-valores\/#primaryimage\"},\"image\":{\"@id\":\"http:\/\/www.sciencesforlife.org\/index.php\/mision-y-valores\/#primaryimage\"},\"thumbnailUrl\":\"http:\/\/www.sciencesforlife.org\/wp-content\/uploads\/2022\/06\/pexels-pixabay-356040-1-1-scaled.jpg\",\"datePublished\":\"2024-03-21T11:59:20+00:00\",\"dateModified\":\"2024-05-10T10:14:14+00:00\",\"description\":\"Sciences for Life es un Think Tank del sector health care dentro de la Comunidad Valenciana. Descubre m\u00e1s acerca de nuestra misi\u00f3n y valores.\",\"breadcrumb\":{\"@id\":\"http:\/\/www.sciencesforlife.org\/index.php\/mision-y-valores\/#breadcrumb\"},\"inLanguage\":\"es\",\"potentialAction\":[{\"@type\":\"ReadAction\",\"target\":[\"http:\/\/www.sciencesforlife.org\/index.php\/mision-y-valores\/\"]}]},{\"@type\":\"ImageObject\",\"inLanguage\":\"es\",\"@id\":\"http:\/\/www.sciencesforlife.org\/index.php\/mision-y-valores\/#primaryimage\",\"url\":\"http:\/\/www.sciencesforlife.org\/wp-content\/uploads\/2022\/06\/pexels-pixabay-356040-1-1-scaled.jpg\",\"contentUrl\":\"http:\/\/www.sciencesforlife.org\/wp-content\/uploads\/2022\/06\/pexels-pixabay-356040-1-1-scaled.jpg\"},{\"@type\":\"BreadcrumbList\",\"@id\":\"http:\/\/www.sciencesforlife.org\/index.php\/mision-y-valores\/#breadcrumb\",\"itemListElement\":[{\"@type\":\"ListItem\",\"position\":1,\"name\":\"Portada\",\"item\":\"https:\/\/www.sciencesforlife.org\/\"},{\"@type\":\"ListItem\",\"position\":2,\"name\":\"MISI\u00d3N Y VALORES\"}]},{\"@type\":\"WebSite\",\"@id\":\"https:\/\/www.sciencesforlife.org\/#website\",\"url\":\"https:\/\/www.sciencesforlife.org\/\",\"name\":\"S4L\",\"description\":\"S&oacute;lo otro sitio de WordPress\",\"publisher\":{\"@id\":\"https:\/\/www.sciencesforlife.org\/#organization\"},\"potentialAction\":[{\"@type\":\"SearchAction\",\"target\":{\"@type\":\"EntryPoint\",\"urlTemplate\":\"https:\/\/www.sciencesforlife.org\/?s={search_term_string}\"},\"query-input\":\"required name=search_term_string\"}],\"inLanguage\":\"es\"},{\"@type\":\"Organization\",\"@id\":\"https:\/\/www.sciencesforlife.org\/#organization\",\"name\":\"SFL\",\"url\":\"https:\/\/www.sciencesforlife.org\/\",\"logo\":{\"@type\":\"ImageObject\",\"inLanguage\":\"es\",\"@id\":\"https:\/\/www.sciencesforlife.org\/#\/schema\/logo\/image\/\",\"url\":\"http:\/\/www.sciencesforlife.org\/wp-content\/uploads\/2022\/06\/sfl-fb-2.jpg\",\"contentUrl\":\"http:\/\/www.sciencesforlife.org\/wp-content\/uploads\/2022\/06\/sfl-fb-2.jpg\",\"width\":1131,\"height\":555,\"caption\":\"SFL\"},\"image\":{\"@id\":\"https:\/\/www.sciencesforlife.org\/#\/schema\/logo\/image\/\"}}]}<\/script>\n<!-- \/ Yoast SEO plugin. -->","yoast_head_json":{"title":"MISI\u00d3N Y VALORES - SciencesForLife","description":"Sciences for Life es un Think Tank del sector health care dentro de la Comunidad Valenciana. Descubre m\u00e1s acerca de nuestra misi\u00f3n y valores.","robots":{"index":"index","follow":"follow","max-snippet":"max-snippet:-1","max-image-preview":"max-image-preview:large","max-video-preview":"max-video-preview:-1"},"canonical":"http:\/\/www.sciencesforlife.org\/index.php\/mision-y-valores\/","og_locale":"es_ES","og_type":"article","og_title":"MISI\u00d3N Y VALORES - SciencesForLife","og_description":"Sciences for Life es un Think Tank del sector health care dentro de la Comunidad Valenciana. Descubre m\u00e1s acerca de nuestra misi\u00f3n y valores.","og_url":"http:\/\/www.sciencesforlife.org\/index.php\/mision-y-valores\/","og_site_name":"SciencesForLife","article_modified_time":"2024-05-10T10:14:14+00:00","og_image":[{"url":"http:\/\/www.sciencesforlife.org\/wp-content\/uploads\/2022\/06\/pexels-pixabay-356040-1-1-scaled.jpg"}],"twitter_card":"summary_large_image","twitter_misc":{"Tiempo de lectura":"8 minutos"},"schema":{"@context":"https:\/\/schema.org","@graph":[{"@type":"WebPage","@id":"http:\/\/www.sciencesforlife.org\/index.php\/mision-y-valores\/","url":"http:\/\/www.sciencesforlife.org\/index.php\/mision-y-valores\/","name":"MISI\u00d3N Y VALORES - SciencesForLife","isPartOf":{"@id":"https:\/\/www.sciencesforlife.org\/#website"},"primaryImageOfPage":{"@id":"http:\/\/www.sciencesforlife.org\/index.php\/mision-y-valores\/#primaryimage"},"image":{"@id":"http:\/\/www.sciencesforlife.org\/index.php\/mision-y-valores\/#primaryimage"},"thumbnailUrl":"http:\/\/www.sciencesforlife.org\/wp-content\/uploads\/2022\/06\/pexels-pixabay-356040-1-1-scaled.jpg","datePublished":"2024-03-21T11:59:20+00:00","dateModified":"2024-05-10T10:14:14+00:00","description":"Sciences for Life es un Think Tank del sector health care dentro de la Comunidad Valenciana. Descubre m\u00e1s acerca de nuestra misi\u00f3n y valores.","breadcrumb":{"@id":"http:\/\/www.sciencesforlife.org\/index.php\/mision-y-valores\/#breadcrumb"},"inLanguage":"es","potentialAction":[{"@type":"ReadAction","target":["http:\/\/www.sciencesforlife.org\/index.php\/mision-y-valores\/"]}]},{"@type":"ImageObject","inLanguage":"es","@id":"http:\/\/www.sciencesforlife.org\/index.php\/mision-y-valores\/#primaryimage","url":"http:\/\/www.sciencesforlife.org\/wp-content\/uploads\/2022\/06\/pexels-pixabay-356040-1-1-scaled.jpg","contentUrl":"http:\/\/www.sciencesforlife.org\/wp-content\/uploads\/2022\/06\/pexels-pixabay-356040-1-1-scaled.jpg"},{"@type":"BreadcrumbList","@id":"http:\/\/www.sciencesforlife.org\/index.php\/mision-y-valores\/#breadcrumb","itemListElement":[{"@type":"ListItem","position":1,"name":"Portada","item":"https:\/\/www.sciencesforlife.org\/"},{"@type":"ListItem","position":2,"name":"MISI\u00d3N Y VALORES"}]},{"@type":"WebSite","@id":"https:\/\/www.sciencesforlife.org\/#website","url":"https:\/\/www.sciencesforlife.org\/","name":"S4L","description":"S&oacute;lo otro sitio de WordPress","publisher":{"@id":"https:\/\/www.sciencesforlife.org\/#organization"},"potentialAction":[{"@type":"SearchAction","target":{"@type":"EntryPoint","urlTemplate":"https:\/\/www.sciencesforlife.org\/?s={search_term_string}"},"query-input":"required name=search_term_string"}],"inLanguage":"es"},{"@type":"Organization","@id":"https:\/\/www.sciencesforlife.org\/#organization","name":"SFL","url":"https:\/\/www.sciencesforlife.org\/","logo":{"@type":"ImageObject","inLanguage":"es","@id":"https:\/\/www.sciencesforlife.org\/#\/schema\/logo\/image\/","url":"http:\/\/www.sciencesforlife.org\/wp-content\/uploads\/2022\/06\/sfl-fb-2.jpg","contentUrl":"http:\/\/www.sciencesforlife.org\/wp-content\/uploads\/2022\/06\/sfl-fb-2.jpg","width":1131,"height":555,"caption":"SFL"},"image":{"@id":"https:\/\/www.sciencesforlife.org\/#\/schema\/logo\/image\/"}}]}},"_links":{"self":[{"href":"http:\/\/www.sciencesforlife.org\/index.php\/wp-json\/wp\/v2\/pages\/2578","targetHints":{"allow":["GET"]}}],"collection":[{"href":"http:\/\/www.sciencesforlife.org\/index.php\/wp-json\/wp\/v2\/pages"}],"about":[{"href":"http:\/\/www.sciencesforlife.org\/index.php\/wp-json\/wp\/v2\/types\/page"}],"author":[{"embeddable":true,"href":"http:\/\/www.sciencesforlife.org\/index.php\/wp-json\/wp\/v2\/users\/1"}],"replies":[{"embeddable":true,"href":"http:\/\/www.sciencesforlife.org\/index.php\/wp-json\/wp\/v2\/comments?post=2578"}],"version-history":[{"count":15,"href":"http:\/\/www.sciencesforlife.org\/index.php\/wp-json\/wp\/v2\/pages\/2578\/revisions"}],"predecessor-version":[{"id":3439,"href":"http:\/\/www.sciencesforlife.org\/index.php\/wp-json\/wp\/v2\/pages\/2578\/revisions\/3439"}],"wp:attachment":[{"href":"http:\/\/www.sciencesforlife.org\/index.php\/wp-json\/wp\/v2\/media?parent=2578"}],"curies":[{"name":"wp","href":"https:\/\/api.w.org\/{rel}","templated":true}]}}